{"id":19,"date":"2017-10-23T11:56:15","date_gmt":"2017-10-23T09:56:15","guid":{"rendered":"https:\/\/www.doubleetchange.com\/?page_id=19"},"modified":"2018-11-03T12:14:59","modified_gmt":"2018-11-03T11:14:59","slug":"assistance-administrative","status":"publish","type":"page","link":"https:\/\/www.cdadomicile.com\/index.php\/assistance-administrative\/","title":{"rendered":"\u00c0 propos"},"content":{"rendered":"<p><img loading=\"lazy\" decoding=\"async\" class=\"alignnone wp-image-461\" src=\"https:\/\/www.cdadomicile.com\/wp-content\/uploads\/2018\/01\/i-c.jpg\" alt=\"\" width=\"100\" height=\"132\" srcset=\"https:\/\/www.cdadomicile.com\/wp-content\/uploads\/2018\/01\/i-c.jpg 534w, https:\/\/www.cdadomicile.com\/wp-content\/uploads\/2018\/01\/i-c-227x300.jpg 227w\" sizes=\"auto, (max-width: 100px) 100vw, 100px\" \/>&nbsp;<img loading=\"lazy\" decoding=\"async\" class=\"alignnone wp-image-460\" src=\"https:\/\/www.cdadomicile.com\/wp-content\/uploads\/2018\/01\/i-d.jpg\" alt=\"\" width=\"104\" height=\"132\" srcset=\"https:\/\/www.cdadomicile.com\/wp-content\/uploads\/2018\/01\/i-d.jpg 549w, https:\/\/www.cdadomicile.com\/wp-content\/uploads\/2018\/01\/i-d-236x300.jpg 236w\" sizes=\"auto, (max-width: 104px) 100vw, 104px\" \/><\/p>\n<p>C\u00e9dric et David JAGU, nous sommes jumeaux et nous partageons la m\u00eame vision de la vie, celle de vouloir aider les autres pour apprendre \u00e0 utiliser l\u2019outil informatique et g\u00e9rer les dossiers administratifs. Le soutien des jeunes dans leur parcours scolaire est essentiel.<\/p>\n<p>Titulaires d\u2019un Baccalaur\u00e9at Sciences et Technologies de la Gestion, option Gestion (mention assez) en juin 2007.<\/p>\n<p>Depuis 2009 C\u00e9dric a d\u00e9velopp\u00e9 des comp\u00e9tences au niveau administratif et comptable dans une entreprise priv\u00e9e.<\/p>\n<p>David a lui travaill\u00e9 au sein d\u2019un EHPAD (\u00c9tablissement d\u2019H\u00e9bergement pour Personnes \u00c2g\u00e9es D\u00e9pendantes) au niveau administratif. Form\u00e9 \u00e0 la bientraitance et sur les troubles cognitifs chez la personne \u00e2g\u00e9e.<\/p>\n<p>Notre parcours de vie atypique nous donne chaque jour un peu plus l\u2019envie de l\u2019\u00e9change et du partage. Le syndrome de Little qui nous accompagne depuis notre naissance est une force dans notre capacit\u00e9 d\u2019adaptation.<\/p>\n<p>Aujourd\u2019hui nous sommes convaincus que nous pouvons aider les personnes qui nous feront confiance. Notre exp\u00e9rience, notre v\u00e9cu et notre apprentissage sont nos gages de qualit\u00e9.<\/p>\n<div data-mode=\"normal\" data-oembed=\"1\" data-provider=\"youtube\" id=\"arve-youtube-r4ai_bo51y4\" style=\"max-width:630px;\" class=\"arve\">\n<div class=\"arve-inner\">\n<div style=\"aspect-ratio:105\/59\" class=\"arve-embed arve-embed--has-aspect-ratio\">\n<div class=\"arve-ar\" style=\"padding-top:56.190476%\"><\/div>\n<p>\t\t\t<iframe allow=\"accelerometer &apos;none&apos;;autoplay &apos;none&apos;;bluetooth &apos;none&apos;;browsing-topics &apos;none&apos;;camera &apos;none&apos;;clipboard-read &apos;none&apos;;clipboard-write;display-capture &apos;none&apos;;encrypted-media &apos;none&apos;;gamepad &apos;none&apos;;geolocation &apos;none&apos;;gyroscope &apos;none&apos;;hid &apos;none&apos;;identity-credentials-get &apos;none&apos;;idle-detection &apos;none&apos;;keyboard-map &apos;none&apos;;local-fonts;magnetometer &apos;none&apos;;microphone &apos;none&apos;;midi &apos;none&apos;;otp-credentials &apos;none&apos;;payment &apos;none&apos;;picture-in-picture;publickey-credentials-create &apos;none&apos;;publickey-credentials-get &apos;none&apos;;screen-wake-lock &apos;none&apos;;serial &apos;none&apos;;summarizer &apos;none&apos;;sync-xhr;usb &apos;none&apos;;web-share;window-management &apos;none&apos;;xr-spatial-tracking &apos;none&apos;;\" allowfullscreen=\"\" class=\"arve-iframe fitvidsignore\" credentialless data-arve=\"arve-youtube-r4ai_bo51y4\" data-lenis-prevent=\"\" data-src-no-ap=\"https:\/\/www.youtube-nocookie.com\/embed\/r4AI_bo51y4?feature=oembed&amp;iv_load_policy=3&amp;modestbranding=1&amp;rel=0&amp;autohide=1&amp;playsinline=0&amp;autoplay=0\" frameborder=\"0\" height=\"354\" loading=\"lazy\" name=\"\" referrerpolicy=\"strict-origin-when-cross-origin\" sandbox=\"allow-scripts allow-same-origin allow-presentation allow-popups allow-popups-to-escape-sandbox\" scrolling=\"no\" src=\"https:\/\/www.youtube-nocookie.com\/embed\/r4AI_bo51y4?feature=oembed&#038;iv_load_policy=3&#038;modestbranding=1&#038;rel=0&#038;autohide=1&#038;playsinline=0&#038;autoplay=0\" title=\"\" width=\"630\"><\/iframe><\/p><\/div>\n<\/p><\/div>\n<p>\t<script type=\"application\/ld+json\">{\"@context\":\"http:\\\/\\\/schema.org\\\/\",\"@id\":\"https:\\\/\\\/www.cdadomicile.com\\\/index.php\\\/assistance-administrative\\\/#arve-youtube-r4ai_bo51y4\",\"type\":\"VideoObject\",\"embedURL\":\"https:\\\/\\\/www.youtube-nocookie.com\\\/embed\\\/r4AI_bo51y4?feature=oembed&iv_load_policy=3&modestbranding=1&rel=0&autohide=1&playsinline=0&autoplay=0\"}<\/script><\/p>\n<\/div>\n","protected":false},"excerpt":{"rendered":"<p>&nbsp; C\u00e9dric et David JAGU, nous sommes jumeaux et nous partageons la m\u00eame vision de la vie, celle de vouloir aider les autres pour apprendre \u00e0 utiliser l\u2019outil informatique et g\u00e9rer les dossiers administratifs. Le soutien des jeunes dans leur parcours scolaire est essentiel. Titulaires d\u2019un Baccalaur\u00e9at Sciences et Technologies de la Gestion, option Gestion<\/p>\n","protected":false},"author":1,"featured_media":0,"parent":0,"menu_order":0,"comment_status":"closed","ping_status":"closed","template":"fullwidth.php","meta":{"footnotes":""},"class_list":["post-19","page","type-page","status-publish","hentry"],"aioseo_notices":[],"_links":{"self":[{"href":"https:\/\/www.cdadomicile.com\/index.php\/wp-json\/wp\/v2\/pages\/19","targetHints":{"allow":["GET"]}}],"collection":[{"href":"https:\/\/www.cdadomicile.com\/index.php\/wp-json\/wp\/v2\/pages"}],"about":[{"href":"https:\/\/www.cdadomicile.com\/index.php\/wp-json\/wp\/v2\/types\/page"}],"author":[{"embeddable":true,"href":"https:\/\/www.cdadomicile.com\/index.php\/wp-json\/wp\/v2\/users\/1"}],"replies":[{"embeddable":true,"href":"https:\/\/www.cdadomicile.com\/index.php\/wp-json\/wp\/v2\/comments?post=19"}],"version-history":[{"count":11,"href":"https:\/\/www.cdadomicile.com\/index.php\/wp-json\/wp\/v2\/pages\/19\/revisions"}],"predecessor-version":[{"id":67,"href":"https:\/\/www.cdadomicile.com\/index.php\/wp-json\/wp\/v2\/pages\/19\/revisions\/67"}],"wp:attachment":[{"href":"https:\/\/www.cdadomicile.com\/index.php\/wp-json\/wp\/v2\/media?parent=19"}],"curies":[{"name":"wp","href":"https:\/\/api.w.org\/{rel}","templated":true}]}}