{"id":20,"date":"2017-10-23T11:56:15","date_gmt":"2017-10-23T09:56:15","guid":{"rendered":"https:\/\/www.doubleetchange.com\/?page_id=20"},"modified":"2023-08-05T16:36:49","modified_gmt":"2023-08-05T14:36:49","slug":"soutien-scolaire","status":"publish","type":"page","link":"https:\/\/www.cdadomicile.com\/index.php\/soutien-scolaire\/","title":{"rendered":"Soutien scolaire"},"content":{"rendered":"<p>Donner aux plus jeunes les moyens d&rsquo;atteindre leurs objectifs scolaires est une chose importante pour leur avenir. Nous leurs proposons un accompagnement dans les domaines suivants :<\/p>\n<p>-Le fran\u00e7ais<br \/>\n-Les math\u00e9matiques<br \/>\n-Aide aux devoirs<br \/>\n-La m\u00e9thodologie d\u2019apprentissage<br \/>\n-Les techniques de m\u00e9morisation<br \/>\n-La motivation et confiance en soi<br \/>\n-Aide \u00e0 la r\u00e9daction de dossiers et rapports<br \/>\n-Mise en situation de pr\u00e9sentation orale (expos\u00e9)<br \/>\n-D\u00e9couverte de l\u2019anglais<br \/>\n-D\u00e9couverte de l\u2019espagnol<br \/>\n-Autre<\/p>\n<p><img loading=\"lazy\" decoding=\"async\" class=\"alignnone wp-image-168\" src=\"https:\/\/www.cdadomicile.com\/wp-content\/uploads\/2018\/01\/soutien.jpg\" alt=\"\" width=\"400\" height=\"329\" srcset=\"https:\/\/www.cdadomicile.com\/wp-content\/uploads\/2018\/01\/soutien.jpg 550w, https:\/\/www.cdadomicile.com\/wp-content\/uploads\/2018\/01\/soutien-300x247.jpg 300w\" sizes=\"auto, (max-width: 400px) 100vw, 400px\" \/><\/p>\n<p>Soutien propos\u00e9 jusqu&rsquo;en Troisi\u00e8me.<\/p>\n<div data-mode=\"normal\" data-oembed=\"1\" data-provider=\"youtube\" id=\"arve-youtube-5-_mdfykzee\" style=\"max-width:630px;\" class=\"arve\">\n<div class=\"arve-inner\">\n<div style=\"aspect-ratio:105\/59\" class=\"arve-embed arve-embed--has-aspect-ratio\">\n<div class=\"arve-ar\" style=\"padding-top:56.190476%\"><\/div>\n<p>\t\t\t<iframe allow=\"accelerometer &apos;none&apos;;autoplay &apos;none&apos;;bluetooth &apos;none&apos;;browsing-topics &apos;none&apos;;camera &apos;none&apos;;clipboard-read &apos;none&apos;;clipboard-write;display-capture &apos;none&apos;;encrypted-media &apos;none&apos;;gamepad &apos;none&apos;;geolocation &apos;none&apos;;gyroscope &apos;none&apos;;hid &apos;none&apos;;identity-credentials-get &apos;none&apos;;idle-detection &apos;none&apos;;keyboard-map &apos;none&apos;;local-fonts;magnetometer &apos;none&apos;;microphone &apos;none&apos;;midi &apos;none&apos;;otp-credentials &apos;none&apos;;payment &apos;none&apos;;picture-in-picture;publickey-credentials-create &apos;none&apos;;publickey-credentials-get &apos;none&apos;;screen-wake-lock &apos;none&apos;;serial &apos;none&apos;;summarizer &apos;none&apos;;sync-xhr;usb &apos;none&apos;;web-share;window-management &apos;none&apos;;xr-spatial-tracking &apos;none&apos;;\" allowfullscreen=\"\" class=\"arve-iframe fitvidsignore\" credentialless data-arve=\"arve-youtube-5-_mdfykzee\" data-lenis-prevent=\"\" data-src-no-ap=\"https:\/\/www.youtube-nocookie.com\/embed\/5-_MDFYKzeE?feature=oembed&amp;iv_load_policy=3&amp;modestbranding=1&amp;rel=0&amp;autohide=1&amp;playsinline=0&amp;autoplay=0\" frameborder=\"0\" height=\"354\" loading=\"lazy\" name=\"\" referrerpolicy=\"strict-origin-when-cross-origin\" sandbox=\"allow-scripts allow-same-origin allow-presentation allow-popups allow-popups-to-escape-sandbox\" scrolling=\"no\" src=\"https:\/\/www.youtube-nocookie.com\/embed\/5-_MDFYKzeE?feature=oembed&#038;iv_load_policy=3&#038;modestbranding=1&#038;rel=0&#038;autohide=1&#038;playsinline=0&#038;autoplay=0\" title=\"\" width=\"630\"><\/iframe><\/p><\/div>\n<\/p><\/div>\n<p>\t<script type=\"application\/ld+json\">{\"@context\":\"http:\\\/\\\/schema.org\\\/\",\"@id\":\"https:\\\/\\\/www.cdadomicile.com\\\/index.php\\\/soutien-scolaire\\\/#arve-youtube-5-_mdfykzee\",\"type\":\"VideoObject\",\"embedURL\":\"https:\\\/\\\/www.youtube-nocookie.com\\\/embed\\\/5-_MDFYKzeE?feature=oembed&iv_load_policy=3&modestbranding=1&rel=0&autohide=1&playsinline=0&autoplay=0\"}<\/script><\/p>\n<\/div>\n<p>Pour plus de renseignements n&rsquo;h\u00e9sitez pas \u00e0 nous contacter sur la page Contact ou en cliquant <span style=\"font-size: 18pt;\"><strong><a href=\"https:\/\/www.cdadomicile.com\/index.php\/contact\/\" target=\"_blank\" rel=\"noopener noreferrer\">ici<\/a><\/strong><\/span><\/p>\n<p>C\u00e9dric au 06 14 11 50 32 \/ jagu.c@netcourrier.com<\/p>\n<p>David au 06 68 86 68 79 \/ jagu.d@netcourrier.com<\/p>\n<p>R\u00e8glement par Ch\u00e8que Emploi Service Universel <span style=\"font-size: 18pt;\"><a href=\"https:\/\/www.cdadomicile.com\/index.php\/cesu\/\" target=\"_blank\" rel=\"noopener noreferrer\"><strong>CESU<\/strong><\/a><\/span><\/p>\n<p>Recommand\u00e9 par :\u00a0<span style=\"font-size: 18pt;\"><strong><a href=\"https:\/\/www.cours-assistance.com\/\" target=\"_blank\" rel=\"noopener noreferrer\">www.cours-assistance.com<\/a><\/strong><\/span><\/p>\n","protected":false},"excerpt":{"rendered":"<p>Donner aux plus jeunes les moyens d&rsquo;atteindre leurs objectifs scolaires est une chose importante pour leur avenir. Nous leurs proposons un accompagnement dans les domaines suivants : -Le fran\u00e7ais -Les math\u00e9matiques -Aide aux devoirs -La m\u00e9thodologie d\u2019apprentissage -Les techniques de m\u00e9morisation -La motivation et confiance en soi -Aide \u00e0 la r\u00e9daction de dossiers et rapports<\/p>\n","protected":false},"author":1,"featured_media":0,"parent":0,"menu_order":0,"comment_status":"closed","ping_status":"closed","template":"","meta":{"footnotes":""},"class_list":["post-20","page","type-page","status-publish","hentry"],"aioseo_notices":[],"_links":{"self":[{"href":"https:\/\/www.cdadomicile.com\/index.php\/wp-json\/wp\/v2\/pages\/20","targetHints":{"allow":["GET"]}}],"collection":[{"href":"https:\/\/www.cdadomicile.com\/index.php\/wp-json\/wp\/v2\/pages"}],"about":[{"href":"https:\/\/www.cdadomicile.com\/index.php\/wp-json\/wp\/v2\/types\/page"}],"author":[{"embeddable":true,"href":"https:\/\/www.cdadomicile.com\/index.php\/wp-json\/wp\/v2\/users\/1"}],"replies":[{"embeddable":true,"href":"https:\/\/www.cdadomicile.com\/index.php\/wp-json\/wp\/v2\/comments?post=20"}],"version-history":[{"count":21,"href":"https:\/\/www.cdadomicile.com\/index.php\/wp-json\/wp\/v2\/pages\/20\/revisions"}],"predecessor-version":[{"id":904,"href":"https:\/\/www.cdadomicile.com\/index.php\/wp-json\/wp\/v2\/pages\/20\/revisions\/904"}],"wp:attachment":[{"href":"https:\/\/www.cdadomicile.com\/index.php\/wp-json\/wp\/v2\/media?parent=20"}],"curies":[{"name":"wp","href":"https:\/\/api.w.org\/{rel}","templated":true}]}}