{"id":379,"date":"2018-07-13T15:26:44","date_gmt":"2018-07-13T13:26:44","guid":{"rendered":"https:\/\/www.cdadomicile.com\/?page_id=379"},"modified":"2019-09-11T14:44:29","modified_gmt":"2019-09-11T12:44:29","slug":"politique-de-confidentialite","status":"publish","type":"page","link":"https:\/\/www.cdadomicile.com\/index.php\/politique-de-confidentialite\/","title":{"rendered":"Politique de confidentialit\u00e9"},"content":{"rendered":"<p>Cette politique de confidentialit\u00e9 concerne le site www.cdadomicile.com.<\/p>\n<p><strong>Utilisation des donn\u00e9es personnelles collect\u00e9es<\/strong><br \/>\n<strong>Commentaires<\/strong><br \/>\nQuand vous laissez un commentaire sur notre site, les donn\u00e9es inscrites dans le formulaire de commentaire, mais aussi votre adresse IP et l\u2019agent utilisateur de votre navigateur sont collect\u00e9s pour nous aider \u00e0 la d\u00e9tection des commentaires ind\u00e9sirables.<br \/>\nApr\u00e8s validation de votre commentaire, votre photo de profil sera visible publiquement \u00e0 cot\u00e9 de votre commentaire.<br \/>\nUne simple consultation de notre site n\u2019entra\u00eene pas d\u2019enregistrement de donn\u00e9es personnelles. Lorsque les utilisateurs visitent notre site et remplissent volontairement le formulaire pour recevoir notre newsletter les donn\u00e9es sont collect\u00e9es gr\u00e2ce \u00e0 Mailpoet&nbsp;: <span style=\"color: #000000;\"><a href=\"https:\/\/www.mailpoet.com\/privacy-notice\/\" target=\"_blank\" rel=\"noopener\">Leur politique de confidentialit\u00e9.<\/a><\/span><br \/>\nVous pouvez vous d\u00e9sabonner \u00e0 tout moment des mails de notre site en cliquant sur le lien \u201cUnsubscribe\u201d, pr\u00e9sent dans chaque mail envoy\u00e9.<br \/>\n<strong>Cookies<\/strong><br \/>\nSi vous d\u00e9posez un commentaire sur notre site, il vous sera propos\u00e9 d\u2019enregistrer votre nom, adresse de messagerie et site web dans des cookies. C\u2019est uniquement pour votre confort afin de ne pas avoir \u00e0 saisir ces informations si vous d\u00e9posez un autre commentaire plus tard. Ces cookies expirent au bout d\u2019un an.<br \/>\n<strong>Contenu embarqu\u00e9 depuis d\u2019autres sites<\/strong><br \/>\nLes articles de ce site peuvent inclure des contenus int\u00e9gr\u00e9s (par exemple des vid\u00e9os, images, articles\u2026). Le contenu int\u00e9gr\u00e9 depuis d\u2019autres sites se comporte de la m\u00eame mani\u00e8re que si le visiteur se rendait sur cet autre site.<br \/>\nCes sites web pourraient collecter des donn\u00e9es sur vous, utiliser des cookies, embarquer des outils de suivis tiers, suivre vos interactions avec ces contenus embarqu\u00e9s si vous disposez d\u2019un compte connect\u00e9 sur leur site web.<br \/>\n<strong>Statistiques et mesures d\u2019audience<\/strong><br \/>\nCe site Internet utilise Google Analytics, un service d\u2019analyse Internet de Google Inc. (\u00ab Google \u00bb).<br \/>\n<strong>Utilisation et transmission de vos donn\u00e9es personnelles<\/strong><br \/>\nVos donn\u00e9es personnelles sont seulement utilis\u00e9es pour l\u2019envoie de notre newsletter.<br \/>\n<strong>Dur\u00e9es de stockage de vos donn\u00e9es<\/strong><br \/>\nSi vous laissez un commentaire, le commentaire et ses m\u00e9tadonn\u00e9es sont conserv\u00e9s ind\u00e9finiment. Cela permet de reconna\u00eetre et approuver automatiquement les commentaires suivants au lieu de les laisser dans la file de mod\u00e9ration.<br \/>\n<strong>Les droits que vous avez sur vos donn\u00e9es<\/strong><br \/>\nConform\u00e9ment \u00e0 l\u2019article 27 de la loi n\u00b078-17 du 6 janvier 1978 de la Commission Nationale Informatique et Libert\u00e9s (CNIL), relative \u00e0 l\u2019informatique, aux fichiers et aux libert\u00e9s, l\u2019utilisateur b\u00e9n\u00e9ficie d\u2019un droit individuel d\u2019acc\u00e8s, de rectification et de suppression des informations personnelles le concernant. Il suffit d\u2019envoyer un mail gr\u00e2ce \u00e0 notre <span style=\"color: #000000;\"><a href=\"https:\/\/www.cdadomicile.com\/index.php\/contact\/\" target=\"_blank\" rel=\"noopener\">formulaire de contact<\/a>.<\/span><br \/>\n<strong>Informations de contact<\/strong><br \/>\nSi vous avez des questions n\u2019h\u00e9sitez pas \u00e0 nous contacter directement<span style=\"color: #000000;\"><a href=\"https:\/\/www.cdadomicile.com\/index.php\/contact\/\" target=\"_blank\" rel=\"noopener\"> ici<\/a>.<\/span><br \/>\n<strong>Informations suppl\u00e9mentaires<\/strong><br \/>\nEn utilisant ce site, vous acceptez cette politique de confidentialit\u00e9. Elle peut \u00eatre modifi\u00e9e \u00e0 tout moment. Derni\u00e8re mise \u00e0 jour le 13\/07\/2018.<\/p>\n","protected":false},"excerpt":{"rendered":"<p>Cette politique de confidentialit\u00e9 concerne le site www.cdadomicile.com. Utilisation des donn\u00e9es personnelles collect\u00e9es Commentaires Quand vous laissez un commentaire sur notre site, les donn\u00e9es inscrites dans le formulaire de commentaire, mais aussi votre adresse IP et l\u2019agent utilisateur de votre navigateur sont collect\u00e9s pour nous aider \u00e0 la d\u00e9tection des commentaires ind\u00e9sirables. Apr\u00e8s validation de<\/p>\n","protected":false},"author":1,"featured_media":0,"parent":0,"menu_order":0,"comment_status":"closed","ping_status":"closed","template":"","meta":{"footnotes":""},"class_list":["post-379","page","type-page","status-publish","hentry"],"aioseo_notices":[],"_links":{"self":[{"href":"https:\/\/www.cdadomicile.com\/index.php\/wp-json\/wp\/v2\/pages\/379","targetHints":{"allow":["GET"]}}],"collection":[{"href":"https:\/\/www.cdadomicile.com\/index.php\/wp-json\/wp\/v2\/pages"}],"about":[{"href":"https:\/\/www.cdadomicile.com\/index.php\/wp-json\/wp\/v2\/types\/page"}],"author":[{"embeddable":true,"href":"https:\/\/www.cdadomicile.com\/index.php\/wp-json\/wp\/v2\/users\/1"}],"replies":[{"embeddable":true,"href":"https:\/\/www.cdadomicile.com\/index.php\/wp-json\/wp\/v2\/comments?post=379"}],"version-history":[{"count":4,"href":"https:\/\/www.cdadomicile.com\/index.php\/wp-json\/wp\/v2\/pages\/379\/revisions"}],"predecessor-version":[{"id":556,"href":"https:\/\/www.cdadomicile.com\/index.php\/wp-json\/wp\/v2\/pages\/379\/revisions\/556"}],"wp:attachment":[{"href":"https:\/\/www.cdadomicile.com\/index.php\/wp-json\/wp\/v2\/media?parent=379"}],"curies":[{"name":"wp","href":"https:\/\/api.w.org\/{rel}","templated":true}]}}