{"id":94,"date":"2018-01-05T16:18:10","date_gmt":"2018-01-05T15:18:10","guid":{"rendered":"https:\/\/www.cdadomicile.com\/?page_id=94"},"modified":"2025-01-19T20:27:24","modified_gmt":"2025-01-19T19:27:24","slug":"cesu","status":"publish","type":"page","link":"https:\/\/www.cdadomicile.com\/index.php\/cesu\/","title":{"rendered":"Cesu"},"content":{"rendered":"<p>Le CESU c\u2019est le Ch\u00e8que Emploi Service Universel qui permet au particulier de devenir notre employeur et de b\u00e9n\u00e9ficier d\u2019un service \u00e0 domicile.<\/p>\n<p>Vous pouvez obtenir des titres CESU par l\u2019interm\u00e9diaire de votre comit\u00e9 d\u2019entreprise (CESU pr\u00e9financ\u00e9).<\/p>\n<p>Les autres modes de paiement accept\u00e9s sont : Le ch\u00e8que bancaire, le virement bancaire et les esp\u00e8ces.<\/p>\n<p>Il est ensuite n\u00e9cessaire de nous d\u00e9clarer sur Internet <span style=\"font-size: 18pt;\"><strong><a href=\"https:\/\/www.cesu.urssaf.fr\/info\/accueil\/creer-mon-compte.html\" target=\"_blank\" rel=\"noopener noreferrer\">en cliquant ici<\/a><\/strong><span style=\"font-size: 12pt;\">.<\/span><\/span><span style=\"font-size: 12pt;\">\u00a0<\/span><\/p>\n<p><img decoding=\"async\" class=\"aligncenter\" src=\"https:\/\/www.cdadomicile.com\/wp-content\/uploads\/2023\/10\/Logo-Cesu-2023.png\" alt=\"\" usemap=\"#map1696922238076\" \/><\/p>\n<map id=\"map1696922238076\" name=\"map1696922238076\">\n<area title=\"\" alt=\"\" coords=\"-0.0000410234374612628,0.9999589765624819,499.6666249765625,212.6666249765625\" shape=\"rect\" href=\"https:\/\/www.cesu.urssaf.fr\/info\/accueil\/creer-mon-compte.html\" target=\"_blank\" \/><\/map>\n<p>Bien s\u00fbr nous sommes l\u00e0 pour vous accompagner dans cette d\u00e9marche.<\/p>\n<p>Plus de d\u00e9tails <a href=\"https:\/\/www.cesu.urssaf.fr\/info\/accueil\/s-informer-sur-le-cesu\/combien-ca-coute\/comment-payer-le-salaire.html\" target=\"_blank\" rel=\"noopener noreferrer\">ici<\/a>.<\/p>\n<p><a href=\"https:\/\/www.cesu.urssaf.fr\" target=\"_blank\" rel=\"noopener noreferrer\">www.cesu.urssaf.fr<\/a><\/p>\n<p><span style=\"color: #800080;\"><span style=\"font-family: 'arial black', sans-serif;\"><strong>L&rsquo;avantage du CESU, r\u00e9duction ou cr\u00e9dit d&rsquo;imp\u00f4ts de\u00a0<\/strong><\/span><span style=\"font-family: 'arial black', sans-serif;\"><strong>50%.<\/strong><\/span><\/span><\/p>\n<table>\n<tbody>\n<tr>\n<td>Salaire net vers\u00e9 au salari\u00e9<\/td>\n<td>17\u20ac<\/td>\n<\/tr>\n<tr>\n<td>Cotisations sociales pr\u00e9lev\u00e9es \u00e0 l&#8217;employeur<\/td>\n<td>13,08\u20ac<\/td>\n<\/tr>\n<tr>\n<td>Total<\/td>\n<td>30,08\u20ac<\/td>\n<\/tr>\n<tr>\n<td><span style=\"color: #800080;\">Avantage fiscal pour l&#8217;employeur 50% de r\u00e9duction ou cr\u00e9dit d&rsquo;imp\u00f4ts<\/span><\/td>\n<td><span style=\"color: #800080;\">15,04\u20ac<\/span><\/td>\n<\/tr>\n<tr>\n<td><span style=\"font-family: 'arial black', sans-serif;\">Co\u00fbt r\u00e9el pour l&#8217;employeur<\/span><\/td>\n<td><span style=\"font-family: 'arial black', sans-serif;\">15,04\u20ac<\/span><\/td>\n<\/tr>\n<\/tbody>\n<\/table>\n<p>&nbsp;<\/p>\n<p><strong><a href=\"https:\/\/www.cdadomicile.com\/index.php\/2019\/03\/30\/lavantage-fiscal\/\" target=\"_blank\" rel=\"noopener noreferrer\">D\u00e9marche pour l&rsquo;avantage fiscal<\/a><\/strong>.<\/p>\n<p>Vous pouvez, par ailleurs, b\u00e9n\u00e9ficier sous certaines conditions\u00a0<a id=\"lien_exon\" href=\"https:\/\/www.cesu.urssaf.fr\/info\/accueil\/beneficier-d-avantages\/des-exonerations-adaptees\/je-suis-age-de-plus-de-70-ans.html\" target=\"_blank\" rel=\"noopener noreferrer\">d\u2019aides financi\u00e8res ou d\u2019autres exon\u00e9rations<\/a>.<\/p>\n<p>L\u2019avantage fiscal accord\u00e9 \u00e0 l&#8217;employeur est de 6\u00a0000\u00a0\u20ac maximum par an.<\/p>\n<p><a href=\"https:\/\/particulieremployeur.pole-emploi.fr\/particulieremployeur\/inscription\/saisieetatcivil\" target=\"_blank\" rel=\"noopener noreferrer\"><strong>Cliquez ici afin de cr\u00e9er l&rsquo;attestation employeur<\/strong><\/a> lors de notre derni\u00e8re prestation. C&rsquo;est une obligation l\u00e9gale, elle est destin\u00e9e \u00e0 P\u00f4le Emploi.<\/p>\n","protected":false},"excerpt":{"rendered":"<p>Le CESU c\u2019est le Ch\u00e8que Emploi Service Universel qui permet au particulier de devenir notre employeur et de b\u00e9n\u00e9ficier d\u2019un service \u00e0 domicile. Vous pouvez obtenir des titres CESU par l\u2019interm\u00e9diaire de votre comit\u00e9 d\u2019entreprise (CESU pr\u00e9financ\u00e9). Les autres modes de paiement accept\u00e9s sont : Le ch\u00e8que bancaire, le virement bancaire et les esp\u00e8ces. Il<\/p>\n","protected":false},"author":1,"featured_media":0,"parent":0,"menu_order":0,"comment_status":"closed","ping_status":"closed","template":"","meta":{"footnotes":""},"class_list":["post-94","page","type-page","status-publish","hentry"],"aioseo_notices":[],"_links":{"self":[{"href":"https:\/\/www.cdadomicile.com\/index.php\/wp-json\/wp\/v2\/pages\/94","targetHints":{"allow":["GET"]}}],"collection":[{"href":"https:\/\/www.cdadomicile.com\/index.php\/wp-json\/wp\/v2\/pages"}],"about":[{"href":"https:\/\/www.cdadomicile.com\/index.php\/wp-json\/wp\/v2\/types\/page"}],"author":[{"embeddable":true,"href":"https:\/\/www.cdadomicile.com\/index.php\/wp-json\/wp\/v2\/users\/1"}],"replies":[{"embeddable":true,"href":"https:\/\/www.cdadomicile.com\/index.php\/wp-json\/wp\/v2\/comments?post=94"}],"version-history":[{"count":49,"href":"https:\/\/www.cdadomicile.com\/index.php\/wp-json\/wp\/v2\/pages\/94\/revisions"}],"predecessor-version":[{"id":977,"href":"https:\/\/www.cdadomicile.com\/index.php\/wp-json\/wp\/v2\/pages\/94\/revisions\/977"}],"wp:attachment":[{"href":"https:\/\/www.cdadomicile.com\/index.php\/wp-json\/wp\/v2\/media?parent=94"}],"curies":[{"name":"wp","href":"https:\/\/api.w.org\/{rel}","templated":true}]}}